{"id":1165,"date":"2025-11-28T13:56:30","date_gmt":"2025-11-28T13:56:30","guid":{"rendered":"https:\/\/lapetitaarquitectura.com\/politica-de-cookies\/"},"modified":"2026-01-08T14:03:15","modified_gmt":"2026-01-08T14:03:15","slug":"politica-de-cookies","status":"publish","type":"page","link":"https:\/\/lapetitaarquitectura.com\/es\/politica-de-cookies\/","title":{"rendered":"POL\u00cdTICA DE COOKIES"},"content":{"rendered":"\t\t<div data-elementor-type=\"wp-page\" data-elementor-id=\"1165\" class=\"elementor elementor-1165 elementor-940\" data-elementor-post-type=\"page\">\n\t\t\t\t<div class=\"elementor-element elementor-element-e84d123 e-flex e-con-boxed e-con e-parent\" data-id=\"e84d123\" data-element_type=\"container\" data-e-type=\"container\">\n\t\t\t\t\t<div class=\"e-con-inner\">\n\t\t<div class=\"elementor-element elementor-element-c5e97b1 e-con-full e-flex e-con e-child\" data-id=\"c5e97b1\" data-element_type=\"container\" data-e-type=\"container\">\n\t\t\t\t<div class=\"elementor-element elementor-element-28a3a71 elementor-widget-mobile__width-initial elementor-widget elementor-widget-heading\" data-id=\"28a3a71\" data-element_type=\"widget\" data-e-type=\"widget\" data-widget_type=\"heading.default\">\n\t\t\t\t\t<h2 class=\"elementor-heading-title elementor-size-default\">POL\u00cdTICA DE COOKIES<\/h2>\t\t\t\t<\/div>\n\t\t\t\t<\/div>\n\t\t<div class=\"elementor-element elementor-element-e203598 e-con-full e-flex e-con e-child\" data-id=\"e203598\" data-element_type=\"container\" data-e-type=\"container\">\n\t\t\t\t<div class=\"elementor-element elementor-element-37185ff elementor-widget-divider--view-line elementor-widget elementor-widget-divider\" data-id=\"37185ff\" data-element_type=\"widget\" data-e-type=\"widget\" data-widget_type=\"divider.default\">\n\t\t\t\t\t\t\t<div class=\"elementor-divider\">\n\t\t\t<span class=\"elementor-divider-separator\">\n\t\t\t\t\t\t<\/span>\n\t\t<\/div>\n\t\t\t\t\t\t<\/div>\n\t\t\t\t<\/div>\n\t\t\t\t\t<\/div>\n\t\t\t\t<\/div>\n\t\t<div class=\"elementor-element elementor-element-25ac2a6 e-flex e-con-boxed e-con e-parent\" data-id=\"25ac2a6\" data-element_type=\"container\" data-e-type=\"container\">\n\t\t\t\t\t<div class=\"e-con-inner\">\n\t\t<div class=\"elementor-element elementor-element-60be0a4 e-con-full e-flex e-con e-child\" data-id=\"60be0a4\" data-element_type=\"container\" data-e-type=\"container\">\n\t\t\t\t<div class=\"elementor-element elementor-element-7a80a87 elementor-widget-mobile__width-initial elementor-widget-tablet__width-initial elementor-widget-mobile_extra__width-initial elementor-widget elementor-widget-heading\" data-id=\"7a80a87\" data-element_type=\"widget\" data-e-type=\"widget\" data-widget_type=\"heading.default\">\n\t\t\t\t\t<h2 class=\"elementor-heading-title elementor-size-default\">POL\u00cdTICA DE COOKIES<\/h2>\t\t\t\t<\/div>\n\t\t\t\t<div class=\"elementor-element elementor-element-1ea2500 elementor-widget__width-initial elementor-widget elementor-widget-heading\" data-id=\"1ea2500\" data-element_type=\"widget\" data-e-type=\"widget\" data-widget_type=\"heading.default\">\n\t\t\t\t\t<h2 class=\"elementor-heading-title elementor-size-default\">\u00daltima actualizaci\u00f3n: 25\/11\/2024<\/h2>\t\t\t\t<\/div>\n\t\t\t\t<\/div>\n\t\t\t\t\t<\/div>\n\t\t\t\t<\/div>\n\t\t<div class=\"elementor-element elementor-element-7cefa36 e-flex e-con-boxed e-con e-parent\" data-id=\"7cefa36\" data-element_type=\"container\" data-e-type=\"container\">\n\t\t\t\t\t<div class=\"e-con-inner\">\n\t\t\t\t<div class=\"elementor-element elementor-element-5943be7 elementor-widget elementor-widget-heading\" data-id=\"5943be7\" data-element_type=\"widget\" data-e-type=\"widget\" data-widget_type=\"heading.default\">\n\t\t\t\t\t<h2 class=\"elementor-heading-title elementor-size-default\">1. \u00bfQU\u00c9 SON LAS COOKIES?<\/h2>\t\t\t\t<\/div>\n\t\t\t\t<div class=\"elementor-element elementor-element-3f42f0a elementor-widget elementor-widget-text-editor\" data-id=\"3f42f0a\" data-element_type=\"widget\" data-e-type=\"widget\" data-widget_type=\"text-editor.default\">\n\t\t\t\t\t\t\t\t\t<p><span style=\"font-weight: 400;\">Este sitio web, https:\/\/www.lapetitaarquitectura.cat\/ (en adelante, el \u201cSitio Web\u201d), utiliza cookies y otras tecnolog\u00edas similares para garantizar el correcto funcionamiento del sitio, mejorar tu experiencia de navegaci\u00f3n y recoger informaci\u00f3n estad\u00edstica sobre el uso del sitio.<\/span><\/p><p><span style=\"font-weight: 400;\">Las cookies son peque\u00f1os archivos de texto que se guardan en tu dispositivo cuando visitas un sitio web. Estas permiten al sitio recordar informaci\u00f3n sobre tu visita, como las preferencias de idioma o configuraciones, y facilitar tu pr\u00f3xima visita. <\/span><\/p>\t\t\t\t\t\t\t\t<\/div>\n\t\t\t\t<div class=\"elementor-element elementor-element-5710ca7 elementor-widget elementor-widget-heading\" data-id=\"5710ca7\" data-element_type=\"widget\" data-e-type=\"widget\" data-widget_type=\"heading.default\">\n\t\t\t\t\t<h2 class=\"elementor-heading-title elementor-size-default\">\n2. TIPOS DE COOKIES UTILIZADAS\n<\/h2>\t\t\t\t<\/div>\n\t\t\t\t<div class=\"elementor-element elementor-element-be76fa8 elementor-widget elementor-widget-text-editor\" data-id=\"be76fa8\" data-element_type=\"widget\" data-e-type=\"widget\" data-widget_type=\"text-editor.default\">\n\t\t\t\t\t\t\t\t\t<p><span style=\"font-weight: 400;\">En el Sitio Web utilizamos las siguientes categor\u00edas de cookies:<\/span><\/p><p><span style=\"font-weight: 400;\">Cookies t\u00e9cnicas: Necesarias para el funcionamiento b\u00e1sico del sitio. Sin estas, el sitio no puede funcionar correctamente. <\/span><\/p><p><span style=\"font-weight: 400;\">Cookies anal\u00edticas: Permiten recoger informaci\u00f3n sobre c\u00f3mo los usuarios interact\u00faan con el Sitio Web para analizar el rendimiento y mejorarlo.<\/span><\/p>\t\t\t\t\t\t\t\t<\/div>\n\t\t\t\t<div class=\"elementor-element elementor-element-1d56b45 elementor-widget elementor-widget-heading\" data-id=\"1d56b45\" data-element_type=\"widget\" data-e-type=\"widget\" data-widget_type=\"heading.default\">\n\t\t\t\t\t<h2 class=\"elementor-heading-title elementor-size-default\">3. \u00bfQU\u00c9 COOKIES UTILIZAMOS?<\/h2>\t\t\t\t<\/div>\n\t\t\t\t<div class=\"elementor-element elementor-element-ca0f556 elementor-widget elementor-widget-text-editor\" data-id=\"ca0f556\" data-element_type=\"widget\" data-e-type=\"widget\" data-widget_type=\"text-editor.default\">\n\t\t\t\t\t\t\t\t\t<p><span style=\"font-weight: 400;\">A continuaci\u00f3n se detalla una lista de las cookies utilizadas en el Sitio Web:<\/span><\/p><p><b>Nombre de la cookie \/ Finalidad \/ Propiedad \/ Expiraci\u00f3n:<\/b><\/p><p><span style=\"font-weight: 400;\">_ga \/ Anal\u00edtica de Google Analytics \/ Terceros<\/span> <span style=\"font-weight: 400;\"> \/ 2 a\u00f1os.<\/span><\/p><p><span style=\"font-weight: 400;\">_gid \/ Distinci\u00f3n entre usuarios en Analytics \/ Terceros \/ 24 horas.<\/span><\/p><p><span style=\"font-weight: 400;\">_gat \/ Limitaci\u00f3n de solicitudes a Analytics \/ Terceros \/ 1 minuto.<\/span><\/p>\t\t\t\t\t\t\t\t<\/div>\n\t\t\t\t<div class=\"elementor-element elementor-element-0d2158c elementor-widget elementor-widget-heading\" data-id=\"0d2158c\" data-element_type=\"widget\" data-e-type=\"widget\" data-widget_type=\"heading.default\">\n\t\t\t\t\t<h2 class=\"elementor-heading-title elementor-size-default\">4. GESTI\u00d3N Y DESACTIVACI\u00d3N DE LAS COOKIES<\/h2>\t\t\t\t<\/div>\n\t\t\t\t<div class=\"elementor-element elementor-element-badb19d elementor-widget elementor-widget-text-editor\" data-id=\"badb19d\" data-element_type=\"widget\" data-e-type=\"widget\" data-widget_type=\"text-editor.default\">\n\t\t\t\t\t\t\t\t\t<p><span style=\"font-weight: 400;\">Puedes configurar tu navegador para aceptar, rechazar o eliminar las cookies:<\/span><\/p><p><span style=\"font-weight: 400;\">Google Chrome: Configurar cookies en Chrome.<\/span><\/p><p><span style=\"font-weight: 400;\">Mozilla Firefox: Configurar cookies en Firefox.<\/span><\/p><p><span style=\"font-weight: 400;\">Safari: Configurar cookies en Safari.<\/span><\/p><p><span style=\"font-weight: 400;\">Microsoft Edge: Configurar cookies en Edge.<\/span><\/p>\t\t\t\t\t\t\t\t<\/div>\n\t\t\t\t<div class=\"elementor-element elementor-element-b7a2294 elementor-widget elementor-widget-heading\" data-id=\"b7a2294\" data-element_type=\"widget\" data-e-type=\"widget\" data-widget_type=\"heading.default\">\n\t\t\t\t\t<h2 class=\"elementor-heading-title elementor-size-default\">5. ACEPTACI\u00d3N Y MODIFICACI\u00d3N DE LA POL\u00cdTICA DE COOKIES<\/h2>\t\t\t\t<\/div>\n\t\t\t\t<div class=\"elementor-element elementor-element-18bce8e elementor-widget elementor-widget-text-editor\" data-id=\"18bce8e\" data-element_type=\"widget\" data-e-type=\"widget\" data-widget_type=\"text-editor.default\">\n\t\t\t\t\t\t\t\t\t<p><span style=\"font-weight: 400;\">Al navegar por el Sitio Web, aceptas el uso de las cookies en las condiciones expuestas en esta Pol\u00edtica. Esta Pol\u00edtica puede actualizarse peri\u00f3dicamente para reflejar cambios legislativos o t\u00e9cnicos. <\/span><\/p>\t\t\t\t\t\t\t\t<\/div>\n\t\t\t\t<div class=\"elementor-element elementor-element-769d66b elementor-widget elementor-widget-heading\" data-id=\"769d66b\" data-element_type=\"widget\" data-e-type=\"widget\" data-widget_type=\"heading.default\">\n\t\t\t\t\t<h2 class=\"elementor-heading-title elementor-size-default\">6. CONTACTO<\/h2>\t\t\t\t<\/div>\n\t\t\t\t<div class=\"elementor-element elementor-element-4ad7a72 elementor-widget elementor-widget-text-editor\" data-id=\"4ad7a72\" data-element_type=\"widget\" data-e-type=\"widget\" data-widget_type=\"text-editor.default\">\n\t\t\t\t\t\t\t\t\t<p><span style=\"font-weight: 400;\">Si tienes dudas o quieres m\u00e1s informaci\u00f3n sobre el uso de las cookies en el Sitio Web, puedes contactarnos a trav\u00e9s de:<\/span><\/p><p><span style=\"font-weight: 400;\">Correo electr\u00f3nico: hola@lapetitaarquitectura.cat<\/span><\/p><p><span style=\"font-weight: 400;\">Tel\u00e9fono: 625 429 470<\/span><\/p>\t\t\t\t\t\t\t\t<\/div>\n\t\t\t\t\t<\/div>\n\t\t\t\t<\/div>\n\t\t\t\t<\/div>\n\t\t","protected":false},"excerpt":{"rendered":"<p>POL\u00cdTICA DE COOKIES POL\u00cdTICA DE COOKIES \u00daltima actualizaci\u00f3n: 25\/11\/2024 1. \u00bfQU\u00c9 SON LAS COOKIES? Este sitio web, https:\/\/www.lapetitaarquitectura.cat\/ (en adelante, el \u201cSitio Web\u201d), utiliza cookies y otras tecnolog\u00edas similares para garantizar el correcto funcionamiento del sitio, mejorar tu experiencia de navegaci\u00f3n y recoger informaci\u00f3n estad\u00edstica sobre el uso del sitio. Las cookies son peque\u00f1os archivos [&hellip;]<\/p>\n","protected":false},"author":2,"featured_media":0,"parent":0,"menu_order":0,"comment_status":"closed","ping_status":"closed","template":"","meta":{"footnotes":""},"class_list":["post-1165","page","type-page","status-publish","hentry"],"_links":{"self":[{"href":"https:\/\/lapetitaarquitectura.com\/es\/wp-json\/wp\/v2\/pages\/1165","targetHints":{"allow":["GET"]}}],"collection":[{"href":"https:\/\/lapetitaarquitectura.com\/es\/wp-json\/wp\/v2\/pages"}],"about":[{"href":"https:\/\/lapetitaarquitectura.com\/es\/wp-json\/wp\/v2\/types\/page"}],"author":[{"embeddable":true,"href":"https:\/\/lapetitaarquitectura.com\/es\/wp-json\/wp\/v2\/users\/2"}],"replies":[{"embeddable":true,"href":"https:\/\/lapetitaarquitectura.com\/es\/wp-json\/wp\/v2\/comments?post=1165"}],"version-history":[{"count":1,"href":"https:\/\/lapetitaarquitectura.com\/es\/wp-json\/wp\/v2\/pages\/1165\/revisions"}],"predecessor-version":[{"id":1166,"href":"https:\/\/lapetitaarquitectura.com\/es\/wp-json\/wp\/v2\/pages\/1165\/revisions\/1166"}],"wp:attachment":[{"href":"https:\/\/lapetitaarquitectura.com\/es\/wp-json\/wp\/v2\/media?parent=1165"}],"curies":[{"name":"wp","href":"https:\/\/api.w.org\/{rel}","templated":true}]}}