{"id":1163,"date":"2025-11-24T16:04:20","date_gmt":"2025-11-24T16:04:20","guid":{"rendered":"https:\/\/lapetitaarquitectura.com\/aviso-legal\/"},"modified":"2026-01-08T14:03:14","modified_gmt":"2026-01-08T14:03:14","slug":"aviso-legal","status":"publish","type":"page","link":"https:\/\/lapetitaarquitectura.com\/es\/aviso-legal\/","title":{"rendered":"AVISO LEGAL"},"content":{"rendered":"\t\t<div data-elementor-type=\"wp-page\" data-elementor-id=\"1163\" class=\"elementor elementor-1163 elementor-589\" data-elementor-post-type=\"page\">\n\t\t\t\t<div class=\"elementor-element elementor-element-8348d2b e-flex e-con-boxed e-con e-parent\" data-id=\"8348d2b\" data-element_type=\"container\" data-e-type=\"container\">\n\t\t\t\t\t<div class=\"e-con-inner\">\n\t\t<div class=\"elementor-element elementor-element-ef8796f e-con-full e-flex e-con e-child\" data-id=\"ef8796f\" data-element_type=\"container\" data-e-type=\"container\">\n\t\t\t\t<div class=\"elementor-element elementor-element-c226d55 elementor-widget-mobile__width-initial elementor-widget elementor-widget-heading\" data-id=\"c226d55\" data-element_type=\"widget\" data-e-type=\"widget\" data-widget_type=\"heading.default\">\n\t\t\t\t\t<h2 class=\"elementor-heading-title elementor-size-default\">AVISO LEGAL<\/h2>\t\t\t\t<\/div>\n\t\t\t\t<\/div>\n\t\t<div class=\"elementor-element elementor-element-51f0baf e-con-full e-flex e-con e-child\" data-id=\"51f0baf\" data-element_type=\"container\" data-e-type=\"container\">\n\t\t\t\t<div class=\"elementor-element elementor-element-2bcc2f7 elementor-widget-divider--view-line elementor-widget elementor-widget-divider\" data-id=\"2bcc2f7\" data-element_type=\"widget\" data-e-type=\"widget\" data-widget_type=\"divider.default\">\n\t\t\t\t\t\t\t<div class=\"elementor-divider\">\n\t\t\t<span class=\"elementor-divider-separator\">\n\t\t\t\t\t\t<\/span>\n\t\t<\/div>\n\t\t\t\t\t\t<\/div>\n\t\t\t\t<\/div>\n\t\t\t\t\t<\/div>\n\t\t\t\t<\/div>\n\t\t<div class=\"elementor-element elementor-element-25ac2a6 e-flex e-con-boxed e-con e-parent\" data-id=\"25ac2a6\" data-element_type=\"container\" data-e-type=\"container\">\n\t\t\t\t\t<div class=\"e-con-inner\">\n\t\t<div class=\"elementor-element elementor-element-60be0a4 e-con-full e-flex e-con e-child\" data-id=\"60be0a4\" data-element_type=\"container\" data-e-type=\"container\">\n\t\t\t\t<div class=\"elementor-element elementor-element-7a80a87 elementor-widget-mobile__width-initial elementor-widget-tablet__width-initial elementor-widget-mobile_extra__width-initial elementor-widget elementor-widget-heading\" data-id=\"7a80a87\" data-element_type=\"widget\" data-e-type=\"widget\" data-widget_type=\"heading.default\">\n\t\t\t\t\t<h2 class=\"elementor-heading-title elementor-size-default\">AVISO LEGAL<\/h2>\t\t\t\t<\/div>\n\t\t\t\t<div class=\"elementor-element elementor-element-1ea2500 elementor-widget__width-initial elementor-widget elementor-widget-heading\" data-id=\"1ea2500\" data-element_type=\"widget\" data-e-type=\"widget\" data-widget_type=\"heading.default\">\n\t\t\t\t\t<h2 class=\"elementor-heading-title elementor-size-default\">\u00daltima actualizaci\u00f3n: 25\/11\/2024<\/h2>\t\t\t\t<\/div>\n\t\t\t\t<\/div>\n\t\t\t\t\t<\/div>\n\t\t\t\t<\/div>\n\t\t<div class=\"elementor-element elementor-element-7cefa36 e-flex e-con-boxed e-con e-parent\" data-id=\"7cefa36\" data-element_type=\"container\" data-e-type=\"container\">\n\t\t\t\t\t<div class=\"e-con-inner\">\n\t\t\t\t<div class=\"elementor-element elementor-element-5943be7 elementor-widget elementor-widget-heading\" data-id=\"5943be7\" data-element_type=\"widget\" data-e-type=\"widget\" data-widget_type=\"heading.default\">\n\t\t\t\t\t<h2 class=\"elementor-heading-title elementor-size-default\">1. IDENTIFICACI\u00d3N DEL TITULAR<\/h2>\t\t\t\t<\/div>\n\t\t\t\t<div class=\"elementor-element elementor-element-3f42f0a elementor-widget elementor-widget-text-editor\" data-id=\"3f42f0a\" data-element_type=\"widget\" data-e-type=\"widget\" data-widget_type=\"text-editor.default\">\n\t\t\t\t\t\t\t\t\t<p><span style=\"font-weight: 400;\">En cumplimiento de lo establecido en la Ley 34\/2002, de 11 de julio, de servicios de la sociedad de la informaci\u00f3n y de comercio electr\u00f3nico (LSSICE), se informa de que el presente sitio web www.lapetitaarquitectura.cat es propiedad de:<br><\/span><span style=\"font-weight: 400;\">Titular: Carme Ribas Tibau. <\/span><span style=\"font-weight: 400;\">NIF: 41551712G. <\/span><span style=\"font-weight: 400;\">Direcci\u00f3n postal: C\/ Monturiol 32, 17486. Castell\u00f3 d&#8217;Emp\u00faries, Girona. <\/span><span style=\"font-weight: 400;\">Correo electr\u00f3nico: hola@lapetitaarquitectura.cat. <\/span><span style=\"font-weight: 400;\">Tel\u00e9fono: 625 429 470.<\/span><\/p>\t\t\t\t\t\t\t\t<\/div>\n\t\t\t\t<div class=\"elementor-element elementor-element-5710ca7 elementor-widget elementor-widget-heading\" data-id=\"5710ca7\" data-element_type=\"widget\" data-e-type=\"widget\" data-widget_type=\"heading.default\">\n\t\t\t\t\t<h2 class=\"elementor-heading-title elementor-size-default\">2. OBJETO\n<\/h2>\t\t\t\t<\/div>\n\t\t\t\t<div class=\"elementor-element elementor-element-be76fa8 elementor-widget elementor-widget-text-editor\" data-id=\"be76fa8\" data-element_type=\"widget\" data-e-type=\"widget\" data-widget_type=\"text-editor.default\">\n\t\t\t\t\t\t\t\t\t<p><span style=\"font-weight: 400;\">Este Aviso Legal regula las condiciones generales de acceso y uso del sitio web (en adelante, el \u201cSitio Web\u201d), que el titular pone a disposici\u00f3n de los usuarios de Internet con el objetivo de informar sobre los servicios, actividades y contenidos relacionados con su actividad profesional.<\/span><\/p><p><span style=\"font-weight: 400;\">El acceso y uso del Sitio Web implica la aceptaci\u00f3n plena y sin reservas de todas las disposiciones incluidas en este Aviso Legal. Si no acepta estas condiciones, le instamos a no utilizar el Sitio Web. <\/span><\/p>\t\t\t\t\t\t\t\t<\/div>\n\t\t\t\t<div class=\"elementor-element elementor-element-1d56b45 elementor-widget elementor-widget-heading\" data-id=\"1d56b45\" data-element_type=\"widget\" data-e-type=\"widget\" data-widget_type=\"heading.default\">\n\t\t\t\t\t<h2 class=\"elementor-heading-title elementor-size-default\">3. CONDICIONES DE USO<\/h2>\t\t\t\t<\/div>\n\t\t\t\t<div class=\"elementor-element elementor-element-ca0f556 elementor-widget elementor-widget-text-editor\" data-id=\"ca0f556\" data-element_type=\"widget\" data-e-type=\"widget\" data-widget_type=\"text-editor.default\">\n\t\t\t\t\t\t\t\t\t<p><span style=\"font-weight: 400;\">El usuario se compromete a hacer un uso adecuado de los contenidos y servicios del Sitio Web y a no utilizarlos para actividades il\u00edcitas o contrarias a la buena fe y al orden p\u00fablico.<\/span><\/p><p><span style=\"font-weight: 400;\">Quedan prohibidas las siguientes acciones:<\/span><\/p><p><span style=\"font-weight: 400;\">Utilizar el Sitio Web para finalidades fraudulentas o da\u00f1inas.<\/span><\/p><p><span style=\"font-weight: 400;\">Introducir virus o cualquier otro software malicioso que pueda perjudicar el funcionamiento del Sitio Web.<\/span><\/p><p><span style=\"font-weight: 400;\">Realizar acciones que puedan da\u00f1ar la imagen, intereses o derechos del titular o de terceros.<\/span><\/p>\t\t\t\t\t\t\t\t<\/div>\n\t\t\t\t<div class=\"elementor-element elementor-element-0d2158c elementor-widget elementor-widget-heading\" data-id=\"0d2158c\" data-element_type=\"widget\" data-e-type=\"widget\" data-widget_type=\"heading.default\">\n\t\t\t\t\t<h2 class=\"elementor-heading-title elementor-size-default\">4. PROPIEDAD INTELECTUAL E INDUSTRIAL<\/h2>\t\t\t\t<\/div>\n\t\t\t\t<div class=\"elementor-element elementor-element-badb19d elementor-widget elementor-widget-text-editor\" data-id=\"badb19d\" data-element_type=\"widget\" data-e-type=\"widget\" data-widget_type=\"text-editor.default\">\n\t\t\t\t\t\t\t\t\t<p><span style=\"font-weight: 400;\">Los contenidos del Sitio Web (textos, im\u00e1genes*, gr\u00e1ficos, logotipos, dise\u00f1os, software, etc.) est\u00e1n protegidos por la normativa vigente en materia de propiedad intelectual e industrial.<\/span><\/p><p><span style=\"font-weight: 400;\">Titularidad: Los derechos de propiedad intelectual sobre el contenido del Sitio Web pertenecen exclusivamente a Carme Ribas Tibau o a sus leg\u00edtimos titulares, y no se transfiere ning\u00fan derecho de uso o explotaci\u00f3n m\u00e1s all\u00e1 de lo que sea estrictamente necesario para el uso correcto del Sitio Web.<\/span><\/p><p><span style=\"font-weight: 400;\">Uso prohibido: Est\u00e1 prohibido reproducir, distribuir, transformar o comunicar p\u00fablicamente el contenido del Sitio Web sin la autorizaci\u00f3n previa y expresa del titular.<\/span><\/p>\t\t\t\t\t\t\t\t<\/div>\n\t\t\t\t<div class=\"elementor-element elementor-element-b7a2294 elementor-widget elementor-widget-heading\" data-id=\"b7a2294\" data-element_type=\"widget\" data-e-type=\"widget\" data-widget_type=\"heading.default\">\n\t\t\t\t\t<h2 class=\"elementor-heading-title elementor-size-default\">5. RESPONSABILIDADES<\/h2>\t\t\t\t<\/div>\n\t\t\t\t<div class=\"elementor-element elementor-element-18bce8e elementor-widget elementor-widget-text-editor\" data-id=\"18bce8e\" data-element_type=\"widget\" data-e-type=\"widget\" data-widget_type=\"text-editor.default\">\n\t\t\t\t\t\t\t\t\t<p><span style=\"font-weight: 400;\">Disponibilidad del servicio: El titular no garantiza la disponibilidad permanente del Sitio Web ni la inexistencia de errores en los contenidos, pero se compromete a llevar a cabo las acciones necesarias para corregirlos o solucionarlos tan pronto como sea posible.<\/span><\/p><p><span style=\"font-weight: 400;\">Uso por parte del usuario: El usuario es el \u00fanico responsable del uso que haga del Sitio Web y de cualquier informaci\u00f3n o contenido que proporcione.<\/span><\/p>\t\t\t\t\t\t\t\t<\/div>\n\t\t\t\t<div class=\"elementor-element elementor-element-769d66b elementor-widget elementor-widget-heading\" data-id=\"769d66b\" data-element_type=\"widget\" data-e-type=\"widget\" data-widget_type=\"heading.default\">\n\t\t\t\t\t<h2 class=\"elementor-heading-title elementor-size-default\">6. LEGISLACI\u00d3N APLICABLE Y JURISDICCI\u00d3N<\/h2>\t\t\t\t<\/div>\n\t\t\t\t<div class=\"elementor-element elementor-element-4ad7a72 elementor-widget elementor-widget-text-editor\" data-id=\"4ad7a72\" data-element_type=\"widget\" data-e-type=\"widget\" data-widget_type=\"text-editor.default\">\n\t\t\t\t\t\t\t\t\t<p><span style=\"font-weight: 400;\">Este Aviso Legal se rige por la legislaci\u00f3n espa\u00f1ola. Para cualquier controversia, las partes se someten a los juzgados y tribunales de Gerona. <\/span><\/p>\t\t\t\t\t\t\t\t<\/div>\n\t\t\t\t<div class=\"elementor-element elementor-element-4ca6277 elementor-widget elementor-widget-heading\" data-id=\"4ca6277\" data-element_type=\"widget\" data-e-type=\"widget\" data-widget_type=\"heading.default\">\n\t\t\t\t\t<h2 class=\"elementor-heading-title elementor-size-default\">7. IM\u00c1GENES*<\/h2>\t\t\t\t<\/div>\n\t\t\t\t<div class=\"elementor-element elementor-element-7fdb1df elementor-widget elementor-widget-text-editor\" data-id=\"7fdb1df\" data-element_type=\"widget\" data-e-type=\"widget\" data-widget_type=\"text-editor.default\">\n\t\t\t\t\t\t\t\t\t<p><span style=\"font-weight: 400;\">A continuaci\u00f3n se detallan los cr\u00e9ditos de las fotograf\u00edas utilizadas en este sitio web:<\/span><\/p><p><span style=\"font-weight: 400;\">\u00a9 Marc Rovira, \u00a9 J\u00falia Berrido, \u00a9 Daniel Osuna.<\/span><\/p>\t\t\t\t\t\t\t\t<\/div>\n\t\t\t\t\t<\/div>\n\t\t\t\t<\/div>\n\t\t\t\t<\/div>\n\t\t","protected":false},"excerpt":{"rendered":"<p>AVISO LEGAL AVISO LEGAL \u00daltima actualizaci\u00f3n: 25\/11\/2024 1. IDENTIFICACI\u00d3N DEL TITULAR En cumplimiento de lo establecido en la Ley 34\/2002, de 11 de julio, de servicios de la sociedad de la informaci\u00f3n y de comercio electr\u00f3nico (LSSICE), se informa de que el presente sitio web www.lapetitaarquitectura.cat es propiedad de:Titular: Carme Ribas Tibau. NIF: 41551712G. Direcci\u00f3n [&hellip;]<\/p>\n","protected":false},"author":2,"featured_media":0,"parent":0,"menu_order":0,"comment_status":"closed","ping_status":"closed","template":"","meta":{"footnotes":""},"class_list":["post-1163","page","type-page","status-publish","hentry"],"_links":{"self":[{"href":"https:\/\/lapetitaarquitectura.com\/es\/wp-json\/wp\/v2\/pages\/1163","targetHints":{"allow":["GET"]}}],"collection":[{"href":"https:\/\/lapetitaarquitectura.com\/es\/wp-json\/wp\/v2\/pages"}],"about":[{"href":"https:\/\/lapetitaarquitectura.com\/es\/wp-json\/wp\/v2\/types\/page"}],"author":[{"embeddable":true,"href":"https:\/\/lapetitaarquitectura.com\/es\/wp-json\/wp\/v2\/users\/2"}],"replies":[{"embeddable":true,"href":"https:\/\/lapetitaarquitectura.com\/es\/wp-json\/wp\/v2\/comments?post=1163"}],"version-history":[{"count":1,"href":"https:\/\/lapetitaarquitectura.com\/es\/wp-json\/wp\/v2\/pages\/1163\/revisions"}],"predecessor-version":[{"id":1164,"href":"https:\/\/lapetitaarquitectura.com\/es\/wp-json\/wp\/v2\/pages\/1163\/revisions\/1164"}],"wp:attachment":[{"href":"https:\/\/lapetitaarquitectura.com\/es\/wp-json\/wp\/v2\/media?parent=1163"}],"curies":[{"name":"wp","href":"https:\/\/api.w.org\/{rel}","templated":true}]}}