{"id":1055,"date":"2025-11-24T15:31:05","date_gmt":"2025-11-24T15:31:05","guid":{"rendered":"https:\/\/lapetitaarquitectura.com\/valores\/"},"modified":"2026-02-08T07:03:44","modified_gmt":"2026-02-08T07:03:44","slug":"valores","status":"publish","type":"page","link":"https:\/\/lapetitaarquitectura.com\/es\/valores\/","title":{"rendered":"VALORES"},"content":{"rendered":"\t\t<div data-elementor-type=\"wp-page\" data-elementor-id=\"1055\" class=\"elementor elementor-1055 elementor-572\" data-elementor-post-type=\"page\">\n\t\t\t\t<div class=\"elementor-element elementor-element-a2d8242 e-flex e-con-boxed e-con e-parent\" data-id=\"a2d8242\" data-element_type=\"container\" data-e-type=\"container\">\n\t\t\t\t\t<div class=\"e-con-inner\">\n\t\t<div class=\"elementor-element elementor-element-1b22472 e-con-full e-flex e-con e-child\" data-id=\"1b22472\" data-element_type=\"container\" data-e-type=\"container\">\n\t\t\t\t<div class=\"elementor-element elementor-element-1f9cf54 elementor-widget-mobile__width-initial elementor-widget elementor-widget-heading\" data-id=\"1f9cf54\" data-element_type=\"widget\" data-e-type=\"widget\" data-widget_type=\"heading.default\">\n\t\t\t\t\t<h2 class=\"elementor-heading-title elementor-size-default\">VALORES<\/h2>\t\t\t\t<\/div>\n\t\t\t\t<\/div>\n\t\t<div class=\"elementor-element elementor-element-e582f1c e-con-full e-flex e-con e-child\" data-id=\"e582f1c\" data-element_type=\"container\" data-e-type=\"container\">\n\t\t\t\t<div class=\"elementor-element elementor-element-818bc2f elementor-widget-divider--view-line elementor-widget elementor-widget-divider\" data-id=\"818bc2f\" data-element_type=\"widget\" data-e-type=\"widget\" data-widget_type=\"divider.default\">\n\t\t\t\t\t\t\t<div class=\"elementor-divider\">\n\t\t\t<span class=\"elementor-divider-separator\">\n\t\t\t\t\t\t<\/span>\n\t\t<\/div>\n\t\t\t\t\t\t<\/div>\n\t\t\t\t<\/div>\n\t\t\t\t\t<\/div>\n\t\t\t\t<\/div>\n\t\t<div class=\"elementor-element elementor-element-d2f821e e-flex e-con-boxed e-con e-parent\" data-id=\"d2f821e\" data-element_type=\"container\" data-e-type=\"container\">\n\t\t\t\t\t<div class=\"e-con-inner\">\n\t\t<div class=\"elementor-element elementor-element-dabf57a e-con-full e-flex e-con e-child\" data-id=\"dabf57a\" data-element_type=\"container\" data-e-type=\"container\">\n\t\t\t\t<div class=\"elementor-element elementor-element-5442b0b elementor-widget-mobile__width-initial elementor-widget-tablet__width-initial elementor-widget-mobile_extra__width-initial elementor-widget elementor-widget-heading\" data-id=\"5442b0b\" data-element_type=\"widget\" data-e-type=\"widget\" data-widget_type=\"heading.default\">\n\t\t\t\t\t<p class=\"elementor-heading-title elementor-size-default\">Lo que nos mueve<\/p>\t\t\t\t<\/div>\n\t\t\t\t<div class=\"elementor-element elementor-element-750361f elementor-widget__width-initial elementor-widget elementor-widget-heading\" data-id=\"750361f\" data-element_type=\"widget\" data-e-type=\"widget\" data-widget_type=\"heading.default\">\n\t\t\t\t\t<h1 class=\"elementor-heading-title elementor-size-default\">Manifiesto<\/h1>\t\t\t\t<\/div>\n\t\t\t\t<\/div>\n\t\t\t\t\t<\/div>\n\t\t\t\t<\/div>\n\t\t<div class=\"elementor-element elementor-element-fda3a66 e-flex e-con-boxed e-con e-parent\" data-id=\"fda3a66\" data-element_type=\"container\" data-e-type=\"container\">\n\t\t\t\t\t<div class=\"e-con-inner\">\n\t\t<div class=\"elementor-element elementor-element-49ed9d8 e-con-full e-flex e-con e-child\" data-id=\"49ed9d8\" data-element_type=\"container\" data-e-type=\"container\">\n\t\t\t\t<div class=\"elementor-element elementor-element-7e61c79 elementor-widget elementor-widget-heading\" data-id=\"7e61c79\" data-element_type=\"widget\" data-e-type=\"widget\" data-widget_type=\"heading.default\">\n\t\t\t\t\t<h3 class=\"elementor-heading-title elementor-size-default\">Hacemos arquitectura viva<\/h3>\t\t\t\t<\/div>\n\t\t\t\t<div class=\"elementor-element elementor-element-d11287c elementor-widget elementor-widget-text-editor\" data-id=\"d11287c\" data-element_type=\"widget\" data-e-type=\"widget\" data-widget_type=\"text-editor.default\">\n\t\t\t\t\t\t\t\t\t<p>Entendemos la arquitectura como un organismo vivo: que crece, se adapta y dialoga con su entorno. Una arquitectura que crece, respira y acompa\u00f1a. <\/p>\t\t\t\t\t\t\t\t<\/div>\n\t\t\t\t<\/div>\n\t\t<div class=\"elementor-element elementor-element-8f0c924 e-con-full e-flex e-con e-child\" data-id=\"8f0c924\" data-element_type=\"container\" data-e-type=\"container\">\n\t\t\t\t<div class=\"elementor-element elementor-element-c124c33 elementor-widget elementor-widget-heading\" data-id=\"c124c33\" data-element_type=\"widget\" data-e-type=\"widget\" data-widget_type=\"heading.default\">\n\t\t\t\t\t<h3 class=\"elementor-heading-title elementor-size-default\">Trabajamos cerca, y de cerca<\/h3>\t\t\t\t<\/div>\n\t\t\t\t<div class=\"elementor-element elementor-element-0a32048 elementor-widget elementor-widget-text-editor\" data-id=\"0a32048\" data-element_type=\"widget\" data-e-type=\"widget\" data-widget_type=\"text-editor.default\">\n\t\t\t\t\t\t\t\t\t<p>Nos mueve la proximidad. Escuchamos sus necesidades y trabajamos con los recursos que tenemos al alcance para reducir la huella ambiental. <\/p>\t\t\t\t\t\t\t\t<\/div>\n\t\t\t\t<\/div>\n\t\t<div class=\"elementor-element elementor-element-c918260 e-con-full e-flex e-con e-child\" data-id=\"c918260\" data-element_type=\"container\" data-e-type=\"container\">\n\t\t\t\t<div class=\"elementor-element elementor-element-2ba47bd elementor-widget elementor-widget-heading\" data-id=\"2ba47bd\" data-element_type=\"widget\" data-e-type=\"widget\" data-widget_type=\"heading.default\">\n\t\t\t\t\t<h3 class=\"elementor-heading-title elementor-size-default\">Ayudamos a echar ra\u00edces<\/h3>\t\t\t\t<\/div>\n\t\t\t\t<div class=\"elementor-element elementor-element-407fff4 elementor-widget elementor-widget-text-editor\" data-id=\"407fff4\" data-element_type=\"widget\" data-e-type=\"widget\" data-widget_type=\"text-editor.default\">\n\t\t\t\t\t\t\t\t\t<p>Construimos para que los espacios duren, perduren y arraiguen. Porque el \u00e1rbol no es solo las ramas vistosas, sino tambi\u00e9n las ra\u00edces profundas que lo sostienen. <\/p>\t\t\t\t\t\t\t\t<\/div>\n\t\t\t\t<\/div>\n\t\t<div class=\"elementor-element elementor-element-9fabffe e-con-full e-flex e-con e-child\" data-id=\"9fabffe\" data-element_type=\"container\" data-e-type=\"container\">\n\t\t\t\t<div class=\"elementor-element elementor-element-24ab15f elementor-widget elementor-widget-heading\" data-id=\"24ab15f\" data-element_type=\"widget\" data-e-type=\"widget\" data-widget_type=\"heading.default\">\n\t\t\t\t\t<h3 class=\"elementor-heading-title elementor-size-default\">Conocemos nuestras t\u00e9cnicas<\/h3>\t\t\t\t<\/div>\n\t\t\t\t<div class=\"elementor-element elementor-element-c9c844e elementor-widget elementor-widget-text-editor\" data-id=\"c9c844e\" data-element_type=\"widget\" data-e-type=\"widget\" data-widget_type=\"text-editor.default\">\n\t\t\t\t\t\t\t\t\t<p>Las de ahora y las de antes. Y sabemos c\u00f3mo hacerlas bailar juntas para que cada proyecto hable con lenguaje propio. <\/p>\t\t\t\t\t\t\t\t<\/div>\n\t\t\t\t<\/div>\n\t\t<div class=\"elementor-element elementor-element-ffe3772 e-con-full e-flex e-con e-child\" data-id=\"ffe3772\" data-element_type=\"container\" data-e-type=\"container\">\n\t\t\t\t<div class=\"elementor-element elementor-element-0d581ea elementor-widget elementor-widget-heading\" data-id=\"0d581ea\" data-element_type=\"widget\" data-e-type=\"widget\" data-widget_type=\"heading.default\">\n\t\t\t\t\t<h3 class=\"elementor-heading-title elementor-size-default\">Aprovechamos lo que ya existe<\/h3>\t\t\t\t<\/div>\n\t\t\t\t<div class=\"elementor-element elementor-element-a9efd0b elementor-widget elementor-widget-text-editor\" data-id=\"a9efd0b\" data-element_type=\"widget\" data-e-type=\"widget\" data-widget_type=\"text-editor.default\">\n\t\t\t\t\t\t\t\t\t<p>Somos fans de la rehabilitaci\u00f3n. Rehabilitar es volver a amar, volver a habitar, volver a dar sentido a aquello que ya fue casa. <\/p>\t\t\t\t\t\t\t\t<\/div>\n\t\t\t\t<\/div>\n\t\t<div class=\"elementor-element elementor-element-05b9a6f e-con-full e-flex e-con e-child\" data-id=\"05b9a6f\" data-element_type=\"container\" data-e-type=\"container\">\n\t\t\t\t<div class=\"elementor-element elementor-element-7a5e97d elementor-widget elementor-widget-heading\" data-id=\"7a5e97d\" data-element_type=\"widget\" data-e-type=\"widget\" data-widget_type=\"heading.default\">\n\t\t\t\t\t<h3 class=\"elementor-heading-title elementor-size-default\">Estimamos el territorio<\/h3>\t\t\t\t<\/div>\n\t\t\t\t<div class=\"elementor-element elementor-element-eea2032 elementor-widget elementor-widget-text-editor\" data-id=\"eea2032\" data-element_type=\"widget\" data-e-type=\"widget\" data-widget_type=\"text-editor.default\">\n\t\t\t\t\t\t\t\t\t<p>Construimos desde el respeto por el paisaje, por los ecosistemas y por la historia que nos rodea. Porque el territorio es de todos: de los que estamos y de los que vendr\u00e1n. <\/p>\t\t\t\t\t\t\t\t<\/div>\n\t\t\t\t<\/div>\n\t\t\t\t\t<\/div>\n\t\t\t\t<\/div>\n\t\t<div class=\"elementor-element elementor-element-3e5d063 e-flex e-con-boxed e-con e-parent\" data-id=\"3e5d063\" data-element_type=\"container\" data-e-type=\"container\" data-settings=\"{&quot;background_background&quot;:&quot;classic&quot;}\">\n\t\t\t\t\t<div class=\"e-con-inner\">\n\t\t<div class=\"elementor-element elementor-element-e8b258d e-con-full elementor-hidden-tablet elementor-hidden-mobile e-flex e-con e-child\" data-id=\"e8b258d\" data-element_type=\"container\" data-e-type=\"container\">\n\t\t\t\t<div class=\"elementor-element elementor-element-a6e912e elementor-widget elementor-widget-image\" data-id=\"a6e912e\" data-element_type=\"widget\" data-e-type=\"widget\" data-widget_type=\"image.default\">\n\t\t\t\t\t\t\t\t\t\t\t\t\t\t\t<img fetchpriority=\"high\" decoding=\"async\" width=\"350\" height=\"534\" src=\"https:\/\/lapetitaarquitectura.com\/wp-content\/uploads\/2025\/10\/img-carme-ribas-baner-004.jpg\" class=\"attachment-large size-large wp-image-1056\" alt=\"\" srcset=\"https:\/\/lapetitaarquitectura.com\/wp-content\/uploads\/2025\/10\/img-carme-ribas-baner-004.jpg 350w, https:\/\/lapetitaarquitectura.com\/wp-content\/uploads\/2025\/10\/img-carme-ribas-baner-004-197x300.jpg 197w\" sizes=\"(max-width: 350px) 100vw, 350px\" \/>\t\t\t\t\t\t\t\t\t\t\t\t\t\t\t<\/div>\n\t\t\t\t<\/div>\n\t\t<div class=\"elementor-element elementor-element-454b9c1 e-con-full e-flex e-con e-child\" data-id=\"454b9c1\" data-element_type=\"container\" data-e-type=\"container\">\n\t\t\t\t<div class=\"elementor-element elementor-element-4b53175 elementor-widget__width-initial elementor-widget elementor-widget-heading\" data-id=\"4b53175\" data-element_type=\"widget\" data-e-type=\"widget\" data-widget_type=\"heading.default\">\n\t\t\t\t\t<h2 class=\"elementor-heading-title elementor-size-default\">\u00bfQUIERES EMPEZAR UN PROYECTO \nCON NOSOTROS?<\/h2>\t\t\t\t<\/div>\n\t\t\t\t<div class=\"elementor-element elementor-element-de9421a elementor-widget elementor-widget-text-editor\" data-id=\"de9421a\" data-element_type=\"widget\" data-e-type=\"widget\" data-widget_type=\"text-editor.default\">\n\t\t\t\t\t\t\t\t\t<p>Env\u00edanos tus dudas o tu propuesta, y nos encontramos y hablamos. Todas las buenas ideas nacen de una conversaci\u00f3n. <\/p>\t\t\t\t\t\t\t\t<\/div>\n\t\t<div class=\"elementor-element elementor-element-ce4174b e-con-full e-flex e-con e-child\" data-id=\"ce4174b\" data-element_type=\"container\" data-e-type=\"container\">\n\t\t\t\t<div class=\"elementor-element elementor-element-ac94457 elementor-align-center elementor-widget__width-initial elementor-mobile-align-left treu-subratllat elementor-widget elementor-widget-button\" data-id=\"ac94457\" data-element_type=\"widget\" data-e-type=\"widget\" data-widget_type=\"button.default\">\n\t\t\t\t\t\t\t\t\t\t<a class=\"elementor-button elementor-button-link elementor-size-sm\" href=\"https:\/\/lapetitaarquitectura.com\/es\/contacto\/\">\n\t\t\t\t\t\t<span class=\"elementor-button-content-wrapper\">\n\t\t\t\t\t\t\t\t\t<span class=\"elementor-button-text\">CONTACTAR<\/span>\n\t\t\t\t\t<\/span>\n\t\t\t\t\t<\/a>\n\t\t\t\t\t\t\t\t<\/div>\n\t\t\t\t<\/div>\n\t\t\t\t<\/div>\n\t\t\t\t\t<\/div>\n\t\t\t\t<\/div>\n\t\t\t\t<\/div>\n\t\t","protected":false},"excerpt":{"rendered":"<p>VALORES Lo que nos mueve Manifiesto Hacemos arquitectura viva Entendemos la arquitectura como un organismo vivo: que crece, se adapta y dialoga con su entorno. Una arquitectura que crece, respira y acompa\u00f1a. Trabajamos cerca, y de cerca Nos mueve la proximidad. Escuchamos sus necesidades y trabajamos con los recursos que tenemos al alcance para reducir [&hellip;]<\/p>\n","protected":false},"author":2,"featured_media":0,"parent":0,"menu_order":0,"comment_status":"closed","ping_status":"closed","template":"","meta":{"footnotes":""},"class_list":["post-1055","page","type-page","status-publish","hentry"],"_links":{"self":[{"href":"https:\/\/lapetitaarquitectura.com\/es\/wp-json\/wp\/v2\/pages\/1055","targetHints":{"allow":["GET"]}}],"collection":[{"href":"https:\/\/lapetitaarquitectura.com\/es\/wp-json\/wp\/v2\/pages"}],"about":[{"href":"https:\/\/lapetitaarquitectura.com\/es\/wp-json\/wp\/v2\/types\/page"}],"author":[{"embeddable":true,"href":"https:\/\/lapetitaarquitectura.com\/es\/wp-json\/wp\/v2\/users\/2"}],"replies":[{"embeddable":true,"href":"https:\/\/lapetitaarquitectura.com\/es\/wp-json\/wp\/v2\/comments?post=1055"}],"version-history":[{"count":2,"href":"https:\/\/lapetitaarquitectura.com\/es\/wp-json\/wp\/v2\/pages\/1055\/revisions"}],"predecessor-version":[{"id":1298,"href":"https:\/\/lapetitaarquitectura.com\/es\/wp-json\/wp\/v2\/pages\/1055\/revisions\/1298"}],"wp:attachment":[{"href":"https:\/\/lapetitaarquitectura.com\/es\/wp-json\/wp\/v2\/media?parent=1055"}],"curies":[{"name":"wp","href":"https:\/\/api.w.org\/{rel}","templated":true}]}}